{"id":6513,"date":"2022-03-09T01:59:23","date_gmt":"2022-03-08T23:59:23","guid":{"rendered":"https:\/\/cedricbarreau.com\/?page_id=6513"},"modified":"2025-09-06T11:05:41","modified_gmt":"2025-09-06T09:05:41","slug":"politica-de-privacidad","status":"publish","type":"page","link":"https:\/\/cedricbarreau.com\/es\/politica-de-privacidad\/","title":{"rendered":"Pol\u00edtica de privacidad"},"content":{"rendered":"\t\t<div data-elementor-type=\"wp-page\" data-elementor-id=\"6513\" class=\"elementor elementor-6513\">\n\t\t\t\t\t\t<section class=\"elementor-section elementor-top-section elementor-element elementor-element-f6a3b elementor-section-boxed elementor-section-height-default elementor-section-height-default\" data-id=\"f6a3b\" data-element_type=\"section\" data-e-type=\"section\">\n\t\t\t\t\t\t<div class=\"elementor-container elementor-column-gap-default\">\n\t\t\t\t\t<div class=\"elementor-column elementor-col-100 elementor-top-column elementor-element elementor-element-470d3053\" data-id=\"470d3053\" data-element_type=\"column\" data-e-type=\"column\">\n\t\t\t<div class=\"elementor-widget-wrap elementor-element-populated\">\n\t\t\t\t\t\t<div class=\"elementor-element elementor-element-1ebf7a70 elementor-widget elementor-widget-text-editor\" data-id=\"1ebf7a70\" data-element_type=\"widget\" data-e-type=\"widget\" data-widget_type=\"text-editor.default\">\n\t\t\t\t<div class=\"elementor-widget-container\">\n\t\t\t\t\t\t\t\t\t<h3>\u00bfQuienes somos nosotros?<\/h3><p>El sitio web <a href=\"https:\/\/cedricbarreau.com\" target=\"_blank\" rel=\"noopener\">cedricbarreau.com<\/a> es editado por C\u00e9dric Barreau a t\u00edtulo personal.<\/p><h3>Comentarios<\/h3><p>Cuando deja un comentario en nuestro sitio, los datos ingresados en el formulario de comentarios, as\u00ed como su direcci\u00f3n IP y el agente de usuario de su navegador se recopilan para ayudarnos a detectar comentarios no deseados.<\/p><p>Se puede enviar una cadena an\u00f3nima creada a partir de su direcci\u00f3n de correo electr\u00f3nico (tambi\u00e9n llamada hash) al servicio Gravatar para verificar si la est\u00e1 utilizando. Los avisos de privacidad del servicio Gravatar est\u00e1n disponibles <a href=\"https:\/\/automattic.com\/privacy\/\" target=\"_blank\" rel=\"noopener\">aqu\u00ed<\/a>. Despu\u00e9s de la validaci\u00f3n de su comentario, su foto de perfil ser\u00e1 visible p\u00fablicamente junto a su comentario.<\/p><h3>Medios de comunicaci\u00f3n<\/h3><p>Si carga im\u00e1genes en el sitio, le recomendamos que evite cargar im\u00e1genes que contengan datos EXIF de coordenadas GPS. Las personas que visitan su sitio pueden descargar y extraer datos de ubicaci\u00f3n de estas im\u00e1genes.<\/p><h3>Cookies<\/h3><p>Si deja un comentario en nuestro sitio, se le ofrecer\u00e1 guardar su nombre, direcci\u00f3n de correo electr\u00f3nico y sitio en cookies. Esto es solo para su conveniencia para que no tenga que ingresar esta informaci\u00f3n si deja otro comentario m\u00e1s adelante. Estas cookies expiran despu\u00e9s de un a\u00f1o.<\/p><p>Si accede a la p\u00e1gina de inicio de sesi\u00f3n, se crear\u00e1 una cookie temporal para determinar si su navegador acepta cookies. No contiene datos personales y se eliminar\u00e1 autom\u00e1ticamente cuando cierre su navegador.<\/p><p>Cuando inicie sesi\u00f3n, configuraremos una serie de cookies para guardar sus datos de inicio de sesi\u00f3n y preferencias de pantalla. La duraci\u00f3n de una cookie de conexi\u00f3n es de dos d\u00edas, la de una cookie de opci\u00f3n de pantalla es de un a\u00f1o. Si marca \u00abRecordarme\u00bb, su cookie de inicio de sesi\u00f3n se almacenar\u00e1 durante dos semanas. Si cierra sesi\u00f3n en su cuenta, la cookie de inicio de sesi\u00f3n se borrar\u00e1.<\/p><p>Al editar o publicar una publicaci\u00f3n, se guardar\u00e1 una cookie adicional en su navegador. Esta cookie no incluye ning\u00fan dato personal. Solo muestra el ID de la publicaci\u00f3n que acabas de editar. Caduca despu\u00e9s de un d\u00eda.<\/p><h3>Contenido incrustado de otros sitios<\/h3><p>Los art\u00edculos en este sitio pueden incluir contenido incrustado (por ejemplo, videos, im\u00e1genes, art\u00edculos, etc.). El contenido incrustado de otros sitios se comporta igual que si el visitante estuviera en ese otro sitio. Estos sitios web podr\u00edan recopilar datos sobre usted, utilizar cookies, incorporar herramientas de seguimiento de terceros, realizar un seguimiento de sus interacciones con este contenido incrustado si tiene una cuenta conectada a su sitio web.<\/p><h2>Uso y transmisi\u00f3n de sus datos personales<\/h2><p>Si solicita un restablecimiento de contrase\u00f1a, su direcci\u00f3n IP se incluir\u00e1 en el correo electr\u00f3nico de restablecimiento.<\/p><h3>Tiempos de almacenamiento de sus datos<\/h3><p>Si deja un comentario, el comentario y sus metadatos se conservan indefinidamente. Esto reconoce y aprueba autom\u00e1ticamente los comentarios posteriores en lugar de dejarlos en la cola de moderaci\u00f3n. Para las cuentas que se registran en nuestro sitio (si corresponde), tambi\u00e9n almacenamos los datos personales que figuran en su perfil. Todas las cuentas pueden ver, modificar o eliminar su informaci\u00f3n personal en cualquier momento (excepto su identificador). Los administradores del sitio tambi\u00e9n pueden ver y editar esta informaci\u00f3n.<\/p><h3>Los derechos que tienes sobre tus datos<\/h3><p>Si tiene una cuenta o ha dejado comentarios en el sitio, puede solicitar recibir un archivo que contenga todos los datos personales que tenemos sobre usted, incluidos los que nos ha proporcionado. Tambi\u00e9n puede solicitar la eliminaci\u00f3n de los datos personales que le conciernen. Esto no tiene en cuenta los datos almacenados por motivos administrativos, legales o de seguridad.<\/p><h3>Transmisi\u00f3n de sus datos personales<\/h3><p>Los comentarios de los visitantes puede que los revise un servicio de detecci\u00f3n autom\u00e1tica de spam.<\/p>\t\t\t\t\t\t\t\t<\/div>\n\t\t\t\t<\/div>\n\t\t\t\t\t<\/div>\n\t\t<\/div>\n\t\t\t\t\t<\/div>\n\t\t<\/section>\n\t\t\t\t<\/div>\n\t\t","protected":false},"excerpt":{"rendered":"<p>\u00bfQuienes somos nosotros? El sitio web cedricbarreau.com es editado por C\u00e9dric Barreau a t\u00edtulo personal. Comentarios Cuando deja un comentario en nuestro sitio, los datos ingresados en el formulario de comentarios, as\u00ed como su direcci\u00f3n IP y el agente de usuario de su navegador se recopilan para ayudarnos a detectar comentarios no deseados. Se puede [&hellip;]<\/p>\n","protected":false},"author":2,"featured_media":0,"parent":0,"menu_order":0,"comment_status":"closed","ping_status":"closed","template":"","meta":{"footnotes":""},"class_list":["post-6513","page","type-page","status-publish","hentry"],"yoast_head":"<!-- This site is optimized with the Yoast SEO plugin v27.0 - https:\/\/yoast.com\/product\/yoast-seo-wordpress\/ -->\n<title>Pol\u00edtica de privacidad - C\u00e9dric Barreau graphic designer<\/title>\n<meta name=\"robots\" content=\"index, follow, max-snippet:-1, max-image-preview:large, max-video-preview:-1\" \/>\n<link rel=\"canonical\" href=\"https:\/\/cedricbarreau.com\/es\/politica-de-privacidad\/\" \/>\n<meta property=\"og:locale\" content=\"es_ES\" \/>\n<meta property=\"og:type\" content=\"article\" \/>\n<meta property=\"og:title\" content=\"Pol\u00edtica de privacidad - C\u00e9dric Barreau graphic designer\" \/>\n<meta property=\"og:description\" content=\"\u00bfQuienes somos nosotros? El sitio web cedricbarreau.com es editado por C\u00e9dric Barreau a t\u00edtulo personal. Comentarios Cuando deja un comentario en nuestro sitio, los datos ingresados en el formulario de comentarios, as\u00ed como su direcci\u00f3n IP y el agente de usuario de su navegador se recopilan para ayudarnos a detectar comentarios no deseados. Se puede [&hellip;]\" \/>\n<meta property=\"og:url\" content=\"https:\/\/cedricbarreau.com\/es\/politica-de-privacidad\/\" \/>\n<meta property=\"og:site_name\" content=\"C\u00e9dric Barreau graphic designer\" \/>\n<meta property=\"article:modified_time\" content=\"2025-09-06T09:05:41+00:00\" \/>\n<meta name=\"twitter:label1\" content=\"Tiempo de lectura\" \/>\n\t<meta name=\"twitter:data1\" content=\"4 minutos\" \/>\n<script type=\"application\/ld+json\" class=\"yoast-schema-graph\">{\"@context\":\"https:\/\/schema.org\",\"@graph\":[{\"@type\":\"WebPage\",\"@id\":\"https:\/\/cedricbarreau.com\/es\/politica-de-privacidad\/\",\"url\":\"https:\/\/cedricbarreau.com\/es\/politica-de-privacidad\/\",\"name\":\"Pol\u00edtica de privacidad - C\u00e9dric Barreau graphic designer\",\"isPartOf\":{\"@id\":\"https:\/\/cedricbarreau.com\/es\/#website\"},\"datePublished\":\"2022-03-08T23:59:23+00:00\",\"dateModified\":\"2025-09-06T09:05:41+00:00\",\"breadcrumb\":{\"@id\":\"https:\/\/cedricbarreau.com\/es\/politica-de-privacidad\/#breadcrumb\"},\"inLanguage\":\"es\",\"potentialAction\":[{\"@type\":\"ReadAction\",\"target\":[\"https:\/\/cedricbarreau.com\/es\/politica-de-privacidad\/\"]}]},{\"@type\":\"BreadcrumbList\",\"@id\":\"https:\/\/cedricbarreau.com\/es\/politica-de-privacidad\/#breadcrumb\",\"itemListElement\":[{\"@type\":\"ListItem\",\"position\":1,\"name\":\"Home\",\"item\":\"https:\/\/cedricbarreau.com\/es\/\"},{\"@type\":\"ListItem\",\"position\":2,\"name\":\"Pol\u00edtica de privacidad\"}]},{\"@type\":\"WebSite\",\"@id\":\"https:\/\/cedricbarreau.com\/es\/#website\",\"url\":\"https:\/\/cedricbarreau.com\/es\/\",\"name\":\"C\u00e9dric Barreau graphic designer\",\"description\":\"Digital and print graphic designer with a passion for branding\",\"publisher\":{\"@id\":\"https:\/\/cedricbarreau.com\/es\/#\/schema\/person\/03a867da4a49e4e28a3e9e4e0b3ef47f\"},\"potentialAction\":[{\"@type\":\"SearchAction\",\"target\":{\"@type\":\"EntryPoint\",\"urlTemplate\":\"https:\/\/cedricbarreau.com\/es\/?s={search_term_string}\"},\"query-input\":{\"@type\":\"PropertyValueSpecification\",\"valueRequired\":true,\"valueName\":\"search_term_string\"}}],\"inLanguage\":\"es\"},{\"@type\":[\"Person\",\"Organization\"],\"@id\":\"https:\/\/cedricbarreau.com\/es\/#\/schema\/person\/03a867da4a49e4e28a3e9e4e0b3ef47f\",\"name\":\"C\u00e9dric Barreau\",\"image\":{\"@type\":\"ImageObject\",\"inLanguage\":\"es\",\"@id\":\"https:\/\/cedricbarreau.com\/es\/#\/schema\/person\/image\/\",\"url\":\"https:\/\/cedricbarreau.com\/wp-content\/uploads\/2022\/03\/Website-black-and-white-628x1024.png\",\"contentUrl\":\"https:\/\/cedricbarreau.com\/wp-content\/uploads\/2022\/03\/Website-black-and-white-628x1024.png\",\"width\":628,\"height\":1024,\"caption\":\"C\u00e9dric Barreau\"},\"logo\":{\"@id\":\"https:\/\/cedricbarreau.com\/es\/#\/schema\/person\/image\/\"},\"sameAs\":[\"https:\/\/cedricbarreau.com\"]}]}<\/script>\n<!-- \/ Yoast SEO plugin. -->","yoast_head_json":{"title":"Pol\u00edtica de privacidad - C\u00e9dric Barreau graphic designer","robots":{"index":"index","follow":"follow","max-snippet":"max-snippet:-1","max-image-preview":"max-image-preview:large","max-video-preview":"max-video-preview:-1"},"canonical":"https:\/\/cedricbarreau.com\/es\/politica-de-privacidad\/","og_locale":"es_ES","og_type":"article","og_title":"Pol\u00edtica de privacidad - C\u00e9dric Barreau graphic designer","og_description":"\u00bfQuienes somos nosotros? El sitio web cedricbarreau.com es editado por C\u00e9dric Barreau a t\u00edtulo personal. Comentarios Cuando deja un comentario en nuestro sitio, los datos ingresados en el formulario de comentarios, as\u00ed como su direcci\u00f3n IP y el agente de usuario de su navegador se recopilan para ayudarnos a detectar comentarios no deseados. Se puede [&hellip;]","og_url":"https:\/\/cedricbarreau.com\/es\/politica-de-privacidad\/","og_site_name":"C\u00e9dric Barreau graphic designer","article_modified_time":"2025-09-06T09:05:41+00:00","twitter_misc":{"Tiempo de lectura":"4 minutos"},"schema":{"@context":"https:\/\/schema.org","@graph":[{"@type":"WebPage","@id":"https:\/\/cedricbarreau.com\/es\/politica-de-privacidad\/","url":"https:\/\/cedricbarreau.com\/es\/politica-de-privacidad\/","name":"Pol\u00edtica de privacidad - C\u00e9dric Barreau graphic designer","isPartOf":{"@id":"https:\/\/cedricbarreau.com\/es\/#website"},"datePublished":"2022-03-08T23:59:23+00:00","dateModified":"2025-09-06T09:05:41+00:00","breadcrumb":{"@id":"https:\/\/cedricbarreau.com\/es\/politica-de-privacidad\/#breadcrumb"},"inLanguage":"es","potentialAction":[{"@type":"ReadAction","target":["https:\/\/cedricbarreau.com\/es\/politica-de-privacidad\/"]}]},{"@type":"BreadcrumbList","@id":"https:\/\/cedricbarreau.com\/es\/politica-de-privacidad\/#breadcrumb","itemListElement":[{"@type":"ListItem","position":1,"name":"Home","item":"https:\/\/cedricbarreau.com\/es\/"},{"@type":"ListItem","position":2,"name":"Pol\u00edtica de privacidad"}]},{"@type":"WebSite","@id":"https:\/\/cedricbarreau.com\/es\/#website","url":"https:\/\/cedricbarreau.com\/es\/","name":"C\u00e9dric Barreau graphic designer","description":"Digital and print graphic designer with a passion for branding","publisher":{"@id":"https:\/\/cedricbarreau.com\/es\/#\/schema\/person\/03a867da4a49e4e28a3e9e4e0b3ef47f"},"potentialAction":[{"@type":"SearchAction","target":{"@type":"EntryPoint","urlTemplate":"https:\/\/cedricbarreau.com\/es\/?s={search_term_string}"},"query-input":{"@type":"PropertyValueSpecification","valueRequired":true,"valueName":"search_term_string"}}],"inLanguage":"es"},{"@type":["Person","Organization"],"@id":"https:\/\/cedricbarreau.com\/es\/#\/schema\/person\/03a867da4a49e4e28a3e9e4e0b3ef47f","name":"C\u00e9dric Barreau","image":{"@type":"ImageObject","inLanguage":"es","@id":"https:\/\/cedricbarreau.com\/es\/#\/schema\/person\/image\/","url":"https:\/\/cedricbarreau.com\/wp-content\/uploads\/2022\/03\/Website-black-and-white-628x1024.png","contentUrl":"https:\/\/cedricbarreau.com\/wp-content\/uploads\/2022\/03\/Website-black-and-white-628x1024.png","width":628,"height":1024,"caption":"C\u00e9dric Barreau"},"logo":{"@id":"https:\/\/cedricbarreau.com\/es\/#\/schema\/person\/image\/"},"sameAs":["https:\/\/cedricbarreau.com"]}]}},"_links":{"self":[{"href":"https:\/\/cedricbarreau.com\/es\/wp-json\/wp\/v2\/pages\/6513","targetHints":{"allow":["GET"]}}],"collection":[{"href":"https:\/\/cedricbarreau.com\/es\/wp-json\/wp\/v2\/pages"}],"about":[{"href":"https:\/\/cedricbarreau.com\/es\/wp-json\/wp\/v2\/types\/page"}],"author":[{"embeddable":true,"href":"https:\/\/cedricbarreau.com\/es\/wp-json\/wp\/v2\/users\/2"}],"replies":[{"embeddable":true,"href":"https:\/\/cedricbarreau.com\/es\/wp-json\/wp\/v2\/comments?post=6513"}],"version-history":[{"count":0,"href":"https:\/\/cedricbarreau.com\/es\/wp-json\/wp\/v2\/pages\/6513\/revisions"}],"wp:attachment":[{"href":"https:\/\/cedricbarreau.com\/es\/wp-json\/wp\/v2\/media?parent=6513"}],"curies":[{"name":"wp","href":"https:\/\/api.w.org\/{rel}","templated":true}]}}